{"id":1236,"date":"2022-07-31T16:48:11","date_gmt":"2022-07-31T19:48:11","guid":{"rendered":"https:\/\/loja.tododiaumrock.com.br\/?post_type=product&#038;p=1236"},"modified":"2025-06-23T00:18:59","modified_gmt":"2025-06-23T03:18:59","slug":"moletom-iron-maiden-skull-warrior","status":"publish","type":"product","link":"https:\/\/loja.tododiaumrock.com.br\/index.php\/produto\/moletom-iron-maiden-skull-warrior\/","title":{"rendered":"Moletom Iron Maiden Skull Warrior"},"content":{"rendered":"","protected":false},"excerpt":{"rendered":"<p>Somos uma loja produtos do mundo do rock, operada com paix\u00e3o por rock, qualidade e m\u00fasica. Nossos clientes podem navegar em nossos produtos e desfrutar de nossos servi\u00e7os e produtos com nossos pre\u00e7os exclusivos.<\/p>\n","protected":false},"featured_media":1238,"comment_status":"open","ping_status":"closed","template":"","meta":{"om_disable_all_campaigns":false,"_monsterinsights_skip_tracking":false,"_monsterinsights_sitenote_active":false,"_monsterinsights_sitenote_note":"","_monsterinsights_sitenote_category":0},"product_cat":[155,83],"product_tag":[24,156],"aioseo_notices":[],"_links":{"self":[{"href":"https:\/\/loja.tododiaumrock.com.br\/index.php\/wp-json\/wp\/v2\/product\/1236"}],"collection":[{"href":"https:\/\/loja.tododiaumrock.com.br\/index.php\/wp-json\/wp\/v2\/product"}],"about":[{"href":"https:\/\/loja.tododiaumrock.com.br\/index.php\/wp-json\/wp\/v2\/types\/product"}],"replies":[{"embeddable":true,"href":"https:\/\/loja.tododiaumrock.com.br\/index.php\/wp-json\/wp\/v2\/comments?post=1236"}],"wp:featuredmedia":[{"embeddable":true,"href":"https:\/\/loja.tododiaumrock.com.br\/index.php\/wp-json\/wp\/v2\/media\/1238"}],"wp:attachment":[{"href":"https:\/\/loja.tododiaumrock.com.br\/index.php\/wp-json\/wp\/v2\/media?parent=1236"}],"wp:term":[{"taxonomy":"product_cat","embeddable":true,"href":"https:\/\/loja.tododiaumrock.com.br\/index.php\/wp-json\/wp\/v2\/product_cat?post=1236"},{"taxonomy":"product_tag","embeddable":true,"href":"https:\/\/loja.tododiaumrock.com.br\/index.php\/wp-json\/wp\/v2\/product_tag?post=1236"}],"curies":[{"name":"wp","href":"https:\/\/api.w.org\/{rel}","templated":true}]}}