{"id":1300,"date":"2022-08-01T11:22:55","date_gmt":"2022-08-01T14:22:55","guid":{"rendered":"https:\/\/loja.tododiaumrock.com.br\/?post_type=product&#038;p=1300"},"modified":"2025-06-23T00:17:53","modified_gmt":"2025-06-23T03:17:53","slug":"moletom-slipknot-horned-skull","status":"publish","type":"product","link":"https:\/\/loja.tododiaumrock.com.br\/index.php\/produto\/moletom-slipknot-horned-skull\/","title":{"rendered":"Moletom Slipknot &#8211; Horned Skull"},"content":{"rendered":"","protected":false},"excerpt":{"rendered":"<p>Somos uma loja produtos do mundo do rock, operada com paix\u00e3o por rock, qualidade e m\u00fasica. Nossos clientes podem navegar em nossos produtos e desfrutar de nossos servi\u00e7os e produtos com nossos pre\u00e7os exclusivos.<\/p>\n","protected":false},"featured_media":1302,"comment_status":"open","ping_status":"closed","template":"","meta":{"om_disable_all_campaigns":false,"_monsterinsights_skip_tracking":false,"_monsterinsights_sitenote_active":false,"_monsterinsights_sitenote_note":"","_monsterinsights_sitenote_category":0},"product_cat":[155,46],"product_tag":[156,47],"aioseo_notices":[],"_links":{"self":[{"href":"https:\/\/loja.tododiaumrock.com.br\/index.php\/wp-json\/wp\/v2\/product\/1300"}],"collection":[{"href":"https:\/\/loja.tododiaumrock.com.br\/index.php\/wp-json\/wp\/v2\/product"}],"about":[{"href":"https:\/\/loja.tododiaumrock.com.br\/index.php\/wp-json\/wp\/v2\/types\/product"}],"replies":[{"embeddable":true,"href":"https:\/\/loja.tododiaumrock.com.br\/index.php\/wp-json\/wp\/v2\/comments?post=1300"}],"wp:featuredmedia":[{"embeddable":true,"href":"https:\/\/loja.tododiaumrock.com.br\/index.php\/wp-json\/wp\/v2\/media\/1302"}],"wp:attachment":[{"href":"https:\/\/loja.tododiaumrock.com.br\/index.php\/wp-json\/wp\/v2\/media?parent=1300"}],"wp:term":[{"taxonomy":"product_cat","embeddable":true,"href":"https:\/\/loja.tododiaumrock.com.br\/index.php\/wp-json\/wp\/v2\/product_cat?post=1300"},{"taxonomy":"product_tag","embeddable":true,"href":"https:\/\/loja.tododiaumrock.com.br\/index.php\/wp-json\/wp\/v2\/product_tag?post=1300"}],"curies":[{"name":"wp","href":"https:\/\/api.w.org\/{rel}","templated":true}]}}