{"id":1595,"date":"2024-06-03T22:33:32","date_gmt":"2024-06-04T01:33:32","guid":{"rendered":"https:\/\/loja.tododiaumrock.com.br\/?post_type=product&#038;p=1595"},"modified":"2024-06-03T22:37:48","modified_gmt":"2024-06-04T01:37:48","slug":"caneca-supernatural-exorcizamus-te","status":"publish","type":"product","link":"https:\/\/loja.tododiaumrock.com.br\/index.php\/produto\/caneca-supernatural-exorcizamus-te\/","title":{"rendered":"Caneca Supernatural Exorcizamus-te"},"content":{"rendered":"<p>Cer\u00e2mica de \u00f3tima resist\u00eancia e durabilidade, estampadas com excelente qualidade.<\/p>\n<p>Pode ir ao micro-ondas.<\/p>\n<p>Capacidade: 325ml<\/p>\n<p>Altura: 9,5 cm<br \/>\nDi\u00e2metro (sem a al\u00e7a): 8,00 cm<br \/>\nPeso: 380g<\/p>\n","protected":false},"excerpt":{"rendered":"<p>Produto ideal para presentear quem voc\u00ea ama e para te acompanhar no dia a dia. Deixe o momento do caf\u00e9 ainda mais bonito e alegre com a caneca Supernatural<\/p>\n","protected":false},"featured_media":1596,"comment_status":"open","ping_status":"closed","template":"","meta":{"om_disable_all_campaigns":false,"_monsterinsights_skip_tracking":false,"_monsterinsights_sitenote_active":false,"_monsterinsights_sitenote_note":"","_monsterinsights_sitenote_category":0},"product_cat":[81,71],"product_tag":[50,48,87],"aioseo_notices":[],"_links":{"self":[{"href":"https:\/\/loja.tododiaumrock.com.br\/index.php\/wp-json\/wp\/v2\/product\/1595"}],"collection":[{"href":"https:\/\/loja.tododiaumrock.com.br\/index.php\/wp-json\/wp\/v2\/product"}],"about":[{"href":"https:\/\/loja.tododiaumrock.com.br\/index.php\/wp-json\/wp\/v2\/types\/product"}],"replies":[{"embeddable":true,"href":"https:\/\/loja.tododiaumrock.com.br\/index.php\/wp-json\/wp\/v2\/comments?post=1595"}],"wp:featuredmedia":[{"embeddable":true,"href":"https:\/\/loja.tododiaumrock.com.br\/index.php\/wp-json\/wp\/v2\/media\/1596"}],"wp:attachment":[{"href":"https:\/\/loja.tododiaumrock.com.br\/index.php\/wp-json\/wp\/v2\/media?parent=1595"}],"wp:term":[{"taxonomy":"product_cat","embeddable":true,"href":"https:\/\/loja.tododiaumrock.com.br\/index.php\/wp-json\/wp\/v2\/product_cat?post=1595"},{"taxonomy":"product_tag","embeddable":true,"href":"https:\/\/loja.tododiaumrock.com.br\/index.php\/wp-json\/wp\/v2\/product_tag?post=1595"}],"curies":[{"name":"wp","href":"https:\/\/api.w.org\/{rel}","templated":true}]}}