{"id":172,"date":"2021-08-19T18:00:26","date_gmt":"2021-08-19T21:00:26","guid":{"rendered":"http:\/\/loja.tododiaumrock.com.br\/?post_type=product&#038;p=172"},"modified":"2021-08-21T09:31:51","modified_gmt":"2021-08-21T12:31:51","slug":"caneca-de-ceramica-bullet-for-my-valentine-preta","status":"publish","type":"product","link":"https:\/\/loja.tododiaumrock.com.br\/index.php\/produto\/caneca-de-ceramica-bullet-for-my-valentine-preta\/","title":{"rendered":"Caneca de Cer\u00e2mica Bullet For My Valentine Preta"},"content":{"rendered":"<p>Cer\u00e2mica de \u00f3tima resist\u00eancia e durabilidade, estampadas com excelente qualidade.<\/p>\n<p>Pode ir ao micro-ondas.<\/p>\n<p>Capacidade: 325ml<\/p>\n<p>Altura: 9,5 cm<br \/>\nDi\u00e2metro (sem a al\u00e7a): 8,00 cm<br \/>\nPeso: 380g<\/p>\n","protected":false},"excerpt":{"rendered":"<p>Canecas diferentes, criativas e colecion\u00e1veis, das suas bandas favoritas.<\/p>\n","protected":false},"featured_media":243,"comment_status":"open","ping_status":"closed","template":"","meta":{"om_disable_all_campaigns":false,"_monsterinsights_skip_tracking":false,"_monsterinsights_sitenote_active":false,"_monsterinsights_sitenote_note":"","_monsterinsights_sitenote_category":0},"product_cat":[81,44],"product_tag":[82,45],"aioseo_notices":[],"_links":{"self":[{"href":"https:\/\/loja.tododiaumrock.com.br\/index.php\/wp-json\/wp\/v2\/product\/172"}],"collection":[{"href":"https:\/\/loja.tododiaumrock.com.br\/index.php\/wp-json\/wp\/v2\/product"}],"about":[{"href":"https:\/\/loja.tododiaumrock.com.br\/index.php\/wp-json\/wp\/v2\/types\/product"}],"replies":[{"embeddable":true,"href":"https:\/\/loja.tododiaumrock.com.br\/index.php\/wp-json\/wp\/v2\/comments?post=172"}],"wp:featuredmedia":[{"embeddable":true,"href":"https:\/\/loja.tododiaumrock.com.br\/index.php\/wp-json\/wp\/v2\/media\/243"}],"wp:attachment":[{"href":"https:\/\/loja.tododiaumrock.com.br\/index.php\/wp-json\/wp\/v2\/media?parent=172"}],"wp:term":[{"taxonomy":"product_cat","embeddable":true,"href":"https:\/\/loja.tododiaumrock.com.br\/index.php\/wp-json\/wp\/v2\/product_cat?post=172"},{"taxonomy":"product_tag","embeddable":true,"href":"https:\/\/loja.tododiaumrock.com.br\/index.php\/wp-json\/wp\/v2\/product_tag?post=172"}],"curies":[{"name":"wp","href":"https:\/\/api.w.org\/{rel}","templated":true}]}}