{"id":1868,"date":"2026-01-16T18:42:46","date_gmt":"2026-01-16T21:42:46","guid":{"rendered":"https:\/\/loja.tododiaumrock.com.br\/?post_type=product&#038;p=1868"},"modified":"2026-03-09T15:58:26","modified_gmt":"2026-03-09T18:58:26","slug":"camiseta-avenged-sevenfold-sullivan-football","status":"publish","type":"product","link":"https:\/\/loja.tododiaumrock.com.br\/index.php\/produto\/camiseta-avenged-sevenfold-sullivan-football\/","title":{"rendered":"Camiseta Avenged Sevenfold &#8211; Sullivan Football"},"content":{"rendered":"","protected":false},"excerpt":{"rendered":"<h1>Edi\u00e7\u00e3o Limitada e exclusiva<\/h1>\n<h1>PR\u00c9 VENDA &#8211; Itens ser\u00e3o enviados \u00e0 partir do dia 24\/03<\/h1>\n","protected":false},"featured_media":1874,"comment_status":"open","ping_status":"closed","template":"","meta":{"om_disable_all_campaigns":false,"_monsterinsights_skip_tracking":false,"_monsterinsights_sitenote_active":false,"_monsterinsights_sitenote_note":"","_monsterinsights_sitenote_category":0},"product_cat":[19,31],"product_tag":[50,48],"aioseo_notices":[],"_links":{"self":[{"href":"https:\/\/loja.tododiaumrock.com.br\/index.php\/wp-json\/wp\/v2\/product\/1868"}],"collection":[{"href":"https:\/\/loja.tododiaumrock.com.br\/index.php\/wp-json\/wp\/v2\/product"}],"about":[{"href":"https:\/\/loja.tododiaumrock.com.br\/index.php\/wp-json\/wp\/v2\/types\/product"}],"replies":[{"embeddable":true,"href":"https:\/\/loja.tododiaumrock.com.br\/index.php\/wp-json\/wp\/v2\/comments?post=1868"}],"wp:featuredmedia":[{"embeddable":true,"href":"https:\/\/loja.tododiaumrock.com.br\/index.php\/wp-json\/wp\/v2\/media\/1874"}],"wp:attachment":[{"href":"https:\/\/loja.tododiaumrock.com.br\/index.php\/wp-json\/wp\/v2\/media?parent=1868"}],"wp:term":[{"taxonomy":"product_cat","embeddable":true,"href":"https:\/\/loja.tododiaumrock.com.br\/index.php\/wp-json\/wp\/v2\/product_cat?post=1868"},{"taxonomy":"product_tag","embeddable":true,"href":"https:\/\/loja.tododiaumrock.com.br\/index.php\/wp-json\/wp\/v2\/product_tag?post=1868"}],"curies":[{"name":"wp","href":"https:\/\/api.w.org\/{rel}","templated":true}]}}