{"id":327,"date":"2021-08-25T12:53:18","date_gmt":"2021-08-25T15:53:18","guid":{"rendered":"https:\/\/loja.tododiaumrock.com.br\/?post_type=product&#038;p=327"},"modified":"2021-08-25T12:53:18","modified_gmt":"2021-08-25T15:53:18","slug":"caneca-ceramica-pink-floyd-the-wall","status":"publish","type":"product","link":"https:\/\/loja.tododiaumrock.com.br\/index.php\/produto\/caneca-ceramica-pink-floyd-the-wall\/","title":{"rendered":"Caneca Cer\u00e2mica Pink Floyd The Wall"},"content":{"rendered":"<p>Cer\u00e2mica de \u00f3tima resist\u00eancia e durabilidade, estampadas com excelente qualidade.<\/p>\n<p>Pode ir ao micro-ondas.<\/p>\n<p>Capacidade: 325ml<\/p>\n<p>Altura: 9,5 cm<br \/>\nDi\u00e2metro (sem a al\u00e7a): 8,00 cm<br \/>\nPeso: 380g<\/p>\n","protected":false},"excerpt":{"rendered":"<div class=\"woocommerce-tabs wc-tabs-wrapper\">\n<div id=\"tab-description\" class=\"woocommerce-Tabs-panel woocommerce-Tabs-panel--description panel entry-content wc-tab\" role=\"tabpanel\" aria-labelledby=\"tab-title-description\">\n<p>Canecas diferentes, criativas e colecion\u00e1veis, das suas bandas favoritas.<\/p>\n<\/div>\n<\/div>\n","protected":false},"featured_media":328,"comment_status":"open","ping_status":"closed","template":"","meta":{"om_disable_all_campaigns":false,"_monsterinsights_skip_tracking":false,"_monsterinsights_sitenote_active":false,"_monsterinsights_sitenote_note":"","_monsterinsights_sitenote_category":0},"product_cat":[81,42],"product_tag":[87,86,43],"aioseo_notices":[],"_links":{"self":[{"href":"https:\/\/loja.tododiaumrock.com.br\/index.php\/wp-json\/wp\/v2\/product\/327"}],"collection":[{"href":"https:\/\/loja.tododiaumrock.com.br\/index.php\/wp-json\/wp\/v2\/product"}],"about":[{"href":"https:\/\/loja.tododiaumrock.com.br\/index.php\/wp-json\/wp\/v2\/types\/product"}],"replies":[{"embeddable":true,"href":"https:\/\/loja.tododiaumrock.com.br\/index.php\/wp-json\/wp\/v2\/comments?post=327"}],"wp:featuredmedia":[{"embeddable":true,"href":"https:\/\/loja.tododiaumrock.com.br\/index.php\/wp-json\/wp\/v2\/media\/328"}],"wp:attachment":[{"href":"https:\/\/loja.tododiaumrock.com.br\/index.php\/wp-json\/wp\/v2\/media?parent=327"}],"wp:term":[{"taxonomy":"product_cat","embeddable":true,"href":"https:\/\/loja.tododiaumrock.com.br\/index.php\/wp-json\/wp\/v2\/product_cat?post=327"},{"taxonomy":"product_tag","embeddable":true,"href":"https:\/\/loja.tododiaumrock.com.br\/index.php\/wp-json\/wp\/v2\/product_tag?post=327"}],"curies":[{"name":"wp","href":"https:\/\/api.w.org\/{rel}","templated":true}]}}