{"id":334,"date":"2021-08-25T12:58:09","date_gmt":"2021-08-25T15:58:09","guid":{"rendered":"https:\/\/loja.tododiaumrock.com.br\/?post_type=product&#038;p=334"},"modified":"2021-08-25T12:58:33","modified_gmt":"2021-08-25T15:58:33","slug":"caneca-ceramica-linkin-park-2","status":"publish","type":"product","link":"https:\/\/loja.tododiaumrock.com.br\/index.php\/produto\/caneca-ceramica-linkin-park-2\/","title":{"rendered":"Caneca Cer\u00e2mica Linkin Park"},"content":{"rendered":"<p>Canecas diferentes, criativas e colecion\u00e1veis, das suas bandas favoritas.<\/p>\n","protected":false},"excerpt":{"rendered":"<p>Cer\u00e2mica de \u00f3tima resist\u00eancia e durabilidade, estampadas com excelente qualidade.<\/p>\n<p>Pode ir ao micro-ondas.<\/p>\n<p>Capacidade: 325ml<\/p>\n<p>Altura: 9,5 cm<br \/>\nDi\u00e2metro (sem a al\u00e7a): 8,00 cm<br \/>\nPeso: 380g<\/p>\n","protected":false},"featured_media":335,"comment_status":"open","ping_status":"closed","template":"","meta":{"om_disable_all_campaigns":false,"_monsterinsights_skip_tracking":false,"_monsterinsights_sitenote_active":false,"_monsterinsights_sitenote_note":"","_monsterinsights_sitenote_category":0},"product_cat":[81,38],"product_tag":[87,86,39,52],"aioseo_notices":[],"_links":{"self":[{"href":"https:\/\/loja.tododiaumrock.com.br\/index.php\/wp-json\/wp\/v2\/product\/334"}],"collection":[{"href":"https:\/\/loja.tododiaumrock.com.br\/index.php\/wp-json\/wp\/v2\/product"}],"about":[{"href":"https:\/\/loja.tododiaumrock.com.br\/index.php\/wp-json\/wp\/v2\/types\/product"}],"replies":[{"embeddable":true,"href":"https:\/\/loja.tododiaumrock.com.br\/index.php\/wp-json\/wp\/v2\/comments?post=334"}],"wp:featuredmedia":[{"embeddable":true,"href":"https:\/\/loja.tododiaumrock.com.br\/index.php\/wp-json\/wp\/v2\/media\/335"}],"wp:attachment":[{"href":"https:\/\/loja.tododiaumrock.com.br\/index.php\/wp-json\/wp\/v2\/media?parent=334"}],"wp:term":[{"taxonomy":"product_cat","embeddable":true,"href":"https:\/\/loja.tododiaumrock.com.br\/index.php\/wp-json\/wp\/v2\/product_cat?post=334"},{"taxonomy":"product_tag","embeddable":true,"href":"https:\/\/loja.tododiaumrock.com.br\/index.php\/wp-json\/wp\/v2\/product_tag?post=334"}],"curies":[{"name":"wp","href":"https:\/\/api.w.org\/{rel}","templated":true}]}}