{"id":810,"date":"2022-01-24T10:22:07","date_gmt":"2022-01-24T13:22:07","guid":{"rendered":"https:\/\/loja.tododiaumrock.com.br\/?post_type=product&#038;p=810"},"modified":"2022-01-24T10:23:01","modified_gmt":"2022-01-24T13:23:01","slug":"caneca-scoobynatural-supernatural-mystery-machine-baby","status":"publish","type":"product","link":"https:\/\/loja.tododiaumrock.com.br\/index.php\/produto\/caneca-scoobynatural-supernatural-mystery-machine-baby\/","title":{"rendered":"Caneca Scoobynatural &#8211; Supernatural Mystery Machine &#038; Baby"},"content":{"rendered":"<p>Cer\u00e2mica de \u00f3tima resist\u00eancia e durabilidade, estampadas com excelente qualidade.<\/p>\n<p>Pode ir ao micro-ondas.<\/p>\n<p>Capacidade: 325ml<\/p>\n<p>Altura: 9,5 cm<br \/>\nDi\u00e2metro (sem a al\u00e7a): 8,00 cm<br \/>\nPeso: 380g<\/p>\n","protected":false},"excerpt":{"rendered":"<p>Produto ideal para presentear quem voc\u00ea ama e para te acompanhar no dia a dia. Deixe o momento do caf\u00e9 ainda mais bonito e alegre com a caneca\u00a0Supernatural Mystery Machine &amp; Baby<\/p>\n","protected":false},"featured_media":811,"comment_status":"open","ping_status":"closed","template":"","meta":{"om_disable_all_campaigns":false,"_monsterinsights_skip_tracking":false,"_monsterinsights_sitenote_active":false,"_monsterinsights_sitenote_note":"","_monsterinsights_sitenote_category":0},"product_cat":[81,71],"product_tag":[87,33],"aioseo_notices":[],"_links":{"self":[{"href":"https:\/\/loja.tododiaumrock.com.br\/index.php\/wp-json\/wp\/v2\/product\/810"}],"collection":[{"href":"https:\/\/loja.tododiaumrock.com.br\/index.php\/wp-json\/wp\/v2\/product"}],"about":[{"href":"https:\/\/loja.tododiaumrock.com.br\/index.php\/wp-json\/wp\/v2\/types\/product"}],"replies":[{"embeddable":true,"href":"https:\/\/loja.tododiaumrock.com.br\/index.php\/wp-json\/wp\/v2\/comments?post=810"}],"wp:featuredmedia":[{"embeddable":true,"href":"https:\/\/loja.tododiaumrock.com.br\/index.php\/wp-json\/wp\/v2\/media\/811"}],"wp:attachment":[{"href":"https:\/\/loja.tododiaumrock.com.br\/index.php\/wp-json\/wp\/v2\/media?parent=810"}],"wp:term":[{"taxonomy":"product_cat","embeddable":true,"href":"https:\/\/loja.tododiaumrock.com.br\/index.php\/wp-json\/wp\/v2\/product_cat?post=810"},{"taxonomy":"product_tag","embeddable":true,"href":"https:\/\/loja.tododiaumrock.com.br\/index.php\/wp-json\/wp\/v2\/product_tag?post=810"}],"curies":[{"name":"wp","href":"https:\/\/api.w.org\/{rel}","templated":true}]}}